{"id":1199,"date":"2020-02-27T17:22:51","date_gmt":"2020-02-27T16:22:51","guid":{"rendered":"http:\/\/s811621482.onlinehome.fr\/?page_id=1199"},"modified":"2020-11-06T18:33:06","modified_gmt":"2020-11-06T17:33:06","slug":"nouveautes","status":"publish","type":"page","link":"https:\/\/www.nicolasmassing.com\/premium\/nouveautes\/","title":{"rendered":"Nouveaut\u00e9s"},"content":{"rendered":"\t\t<div data-elementor-type=\"wp-page\" data-elementor-id=\"1199\" class=\"elementor elementor-1199\">\n\t\t\t\t\t\t<div class=\"elementor-inner\">\n\t\t\t\t<div class=\"elementor-section-wrap\">\n\t\t\t\t\t\t\t\t\t<section class=\"elementor-section elementor-top-section elementor-element elementor-element-ad01bb5 elementor-section-boxed elementor-section-height-default elementor-section-height-default\" data-id=\"ad01bb5\" data-element_type=\"section\">\n\t\t\t\t\t\t<div class=\"elementor-container elementor-column-gap-default\">\n\t\t\t\t\t\t\t<div class=\"elementor-row\">\n\t\t\t\t\t<div class=\"elementor-column elementor-col-100 elementor-top-column elementor-element elementor-element-a5435e7\" data-id=\"a5435e7\" data-element_type=\"column\">\n\t\t\t<div class=\"elementor-column-wrap elementor-element-populated\">\n\t\t\t\t\t\t\t<div class=\"elementor-widget-wrap\">\n\t\t\t\t\t\t<div class=\"elementor-element elementor-element-8545663 elementor-widget elementor-widget-text-editor\" data-id=\"8545663\" data-element_type=\"widget\" data-widget_type=\"text-editor.default\">\n\t\t\t\t<div class=\"elementor-widget-container\">\n\t\t\t\t\t\t\t\t<div class=\"elementor-text-editor elementor-clearfix\">\n\t\t\t\t<div class=\"page\" title=\"Page 2\"><div class=\"layoutArea\"><div class=\"column\"><p style=\"text-align: center;\">Mettez a\u0300 l\u2019honneur votre style en de\u0301couvrant toutes les nouveaute\u0301s de notre gamme Standard adapte\u0301e a\u0300 toutes les silhouettes et tous les budgets.<\/p><\/div><\/div><\/div>\t\t\t\t\t<\/div>\n\t\t\t\t\t\t<\/div>\n\t\t\t\t<\/div>\n\t\t\t\t\t\t<\/div>\n\t\t\t\t\t<\/div>\n\t\t<\/div>\n\t\t\t\t\t\t\t\t<\/div>\n\t\t\t\t\t<\/div>\n\t\t<\/section>\n\t\t\t\t<section class=\"elementor-section elementor-top-section elementor-element elementor-element-5b40a95 elementor-section-boxed elementor-section-height-default elementor-section-height-default\" data-id=\"5b40a95\" data-element_type=\"section\">\n\t\t\t\t\t\t<div class=\"elementor-container elementor-column-gap-default\">\n\t\t\t\t\t\t\t<div class=\"elementor-row\">\n\t\t\t\t\t<div class=\"elementor-column elementor-col-100 elementor-top-column elementor-element elementor-element-3bbd6e4\" data-id=\"3bbd6e4\" data-element_type=\"column\">\n\t\t\t<div class=\"elementor-column-wrap elementor-element-populated\">\n\t\t\t\t\t\t\t<div class=\"elementor-widget-wrap\">\n\t\t\t\t\t\t<div class=\"elementor-element elementor-element-5452a17 elementor-widget elementor-widget-heading\" data-id=\"5452a17\" data-element_type=\"widget\" data-widget_type=\"heading.default\">\n\t\t\t\t<div class=\"elementor-widget-container\">\n\t\t\t<h3 class=\"elementor-heading-title elementor-size-default\">Costumes<\/h3>\t\t<\/div>\n\t\t\t\t<\/div>\n\t\t\t\t<div class=\"elementor-element elementor-element-ad03567 elementor-widget elementor-widget-spacer\" data-id=\"ad03567\" data-element_type=\"widget\" data-widget_type=\"spacer.default\">\n\t\t\t\t<div class=\"elementor-widget-container\">\n\t\t\t\t\t<div class=\"elementor-spacer\">\n\t\t\t<div class=\"elementor-spacer-inner\"><\/div>\n\t\t<\/div>\n\t\t\t\t<\/div>\n\t\t\t\t<\/div>\n\t\t\t\t<div class=\"elementor-element elementor-element-dc93c08 woocommerce-grid-12 elementor-widget elementor-widget-opal-products\" data-id=\"dc93c08\" data-element_type=\"widget\" data-settings=\"{&quot;slides_to_scroll&quot;:&quot;2&quot;,&quot;navigation&quot;:&quot;both&quot;,&quot;pause_on_hover&quot;:&quot;yes&quot;,&quot;autoplay&quot;:&quot;yes&quot;,&quot;autoplay_speed&quot;:5000,&quot;infinite&quot;:&quot;yes&quot;,&quot;speed&quot;:500,&quot;direction&quot;:&quot;ltr&quot;}\" data-widget_type=\"opal-products.default\">\n\t\t\t\t<div class=\"elementor-widget-container\">\n\t\t\t<div class=\"elementor-opal-slick-slider elementor-slick-slider\" data-settings=\"{&quot;slides_to_show&quot;:&quot;&quot;,&quot;slides_to_scroll&quot;:&quot;2&quot;,&quot;navigation&quot;:&quot;both&quot;,&quot;pause_on_hover&quot;:&quot;yes&quot;,&quot;autoplay&quot;:&quot;yes&quot;,&quot;autoplay_speed&quot;:5000,&quot;infinite&quot;:&quot;yes&quot;,&quot;speed&quot;:500,&quot;direction&quot;:&quot;ltr&quot;}\"><div class=\"woocommerce columns-12 \"><ul class=\"products columns-12\"><li class=\"product type-product post-2054 status-publish first instock product_cat-ceremonie product_cat-collection-automne-hiver-2020 product_cat-costumes product_cat-homme has-post-thumbnail sale taxable shipping-taxable purchasable product-type-simple woo-variation-gallery-product\">\n\t<a href=\"#\" class=\"button yith-wcqv-button\" data-product_id=\"2054\">Aper\u00e7u rapide<\/a><\/li>\n<li class=\"product type-product post-2240 status-publish instock product_cat-blazer product_cat-casual product_cat-collection-automne-hiver-2020 product_cat-costumes product_cat-homme product_cat-veste has-post-thumbnail sale taxable shipping-taxable purchasable product-type-simple woo-variation-gallery-product\">\n\t<a href=\"#\" class=\"button yith-wcqv-button\" data-product_id=\"2240\">Aper\u00e7u rapide<\/a><\/li>\n<li class=\"product type-product post-2236 status-publish instock product_cat-blazer product_cat-casual product_cat-collection-automne-hiver-2020 product_cat-costumes product_cat-homme product_cat-veste has-post-thumbnail sale taxable shipping-taxable purchasable product-type-simple woo-variation-gallery-product\">\n\t<a href=\"#\" class=\"button yith-wcqv-button\" data-product_id=\"2236\">Aper\u00e7u rapide<\/a><\/li>\n<li class=\"product type-product post-2230 status-publish instock product_cat-business product_cat-casual product_cat-collection-automne-hiver-2020 product_cat-costumes product_cat-homme has-post-thumbnail sale taxable shipping-taxable purchasable product-type-simple woo-variation-gallery-product\">\n\t<a href=\"#\" class=\"button yith-wcqv-button\" data-product_id=\"2230\">Aper\u00e7u rapide<\/a><\/li>\n<li class=\"product type-product post-2227 status-publish instock product_cat-business product_cat-casual product_cat-collection-automne-hiver-2020 product_cat-costumes product_cat-homme has-post-thumbnail sale taxable shipping-taxable purchasable product-type-simple woo-variation-gallery-product\">\n\t<a href=\"#\" class=\"button yith-wcqv-button\" data-product_id=\"2227\">Aper\u00e7u rapide<\/a><\/li>\n<li class=\"product type-product post-2224 status-publish instock product_cat-business product_cat-casual product_cat-collection-automne-hiver-2020 product_cat-costumes product_cat-homme has-post-thumbnail sale taxable shipping-taxable purchasable product-type-simple woo-variation-gallery-product\">\n\t<a href=\"#\" class=\"button yith-wcqv-button\" data-product_id=\"2224\">Aper\u00e7u rapide<\/a><\/li>\n<\/ul>\n<\/div><\/div>\t\t<\/div>\n\t\t\t\t<\/div>\n\t\t\t\t<div class=\"elementor-element elementor-element-83a7ed2 elementor-widget elementor-widget-spacer\" data-id=\"83a7ed2\" data-element_type=\"widget\" data-widget_type=\"spacer.default\">\n\t\t\t\t<div class=\"elementor-widget-container\">\n\t\t\t\t\t<div class=\"elementor-spacer\">\n\t\t\t<div class=\"elementor-spacer-inner\"><\/div>\n\t\t<\/div>\n\t\t\t\t<\/div>\n\t\t\t\t<\/div>\n\t\t\t\t\t\t<\/div>\n\t\t\t\t\t<\/div>\n\t\t<\/div>\n\t\t\t\t\t\t\t\t<\/div>\n\t\t\t\t\t<\/div>\n\t\t<\/section>\n\t\t\t\t<section class=\"elementor-section elementor-top-section elementor-element elementor-element-05e7430 elementor-section-boxed elementor-section-height-default elementor-section-height-default\" data-id=\"05e7430\" data-element_type=\"section\">\n\t\t\t\t\t\t<div class=\"elementor-container elementor-column-gap-default\">\n\t\t\t\t\t\t\t<div class=\"elementor-row\">\n\t\t\t\t\t<div class=\"elementor-column elementor-col-100 elementor-top-column elementor-element elementor-element-134b51f\" data-id=\"134b51f\" data-element_type=\"column\">\n\t\t\t<div class=\"elementor-column-wrap elementor-element-populated\">\n\t\t\t\t\t\t\t<div class=\"elementor-widget-wrap\">\n\t\t\t\t\t\t<div class=\"elementor-element elementor-element-a239e50 elementor-widget elementor-widget-heading\" data-id=\"a239e50\" data-element_type=\"widget\" data-widget_type=\"heading.default\">\n\t\t\t\t<div class=\"elementor-widget-container\">\n\t\t\t<h3 class=\"elementor-heading-title elementor-size-default\">Vestes<\/h3>\t\t<\/div>\n\t\t\t\t<\/div>\n\t\t\t\t<div class=\"elementor-element elementor-element-98d97d8 elementor-widget elementor-widget-spacer\" data-id=\"98d97d8\" data-element_type=\"widget\" data-widget_type=\"spacer.default\">\n\t\t\t\t<div class=\"elementor-widget-container\">\n\t\t\t\t\t<div class=\"elementor-spacer\">\n\t\t\t<div class=\"elementor-spacer-inner\"><\/div>\n\t\t<\/div>\n\t\t\t\t<\/div>\n\t\t\t\t<\/div>\n\t\t\t\t<div class=\"elementor-element elementor-element-7c4c92c woocommerce-grid-3 elementor-widget elementor-widget-opal-products\" data-id=\"7c4c92c\" data-element_type=\"widget\" data-widget_type=\"opal-products.default\">\n\t\t\t\t<div class=\"elementor-widget-container\">\n\t\t\t<div class=\"woocommerce columns-3 \"><ul class=\"products columns-3\"><li class=\"product type-product post-2240 status-publish first instock product_cat-blazer product_cat-casual product_cat-collection-automne-hiver-2020 product_cat-costumes product_cat-homme product_cat-veste has-post-thumbnail sale taxable shipping-taxable purchasable product-type-simple woo-variation-gallery-product\">\n\t<a href=\"#\" class=\"button yith-wcqv-button\" data-product_id=\"2240\">Aper\u00e7u rapide<\/a><\/li>\n<li class=\"product type-product post-2236 status-publish instock product_cat-blazer product_cat-casual product_cat-collection-automne-hiver-2020 product_cat-costumes product_cat-homme product_cat-veste has-post-thumbnail sale taxable shipping-taxable purchasable product-type-simple woo-variation-gallery-product\">\n\t<a href=\"#\" class=\"button yith-wcqv-button\" data-product_id=\"2236\">Aper\u00e7u rapide<\/a><\/li>\n<\/ul>\n<\/div>\t\t<\/div>\n\t\t\t\t<\/div>\n\t\t\t\t<div class=\"elementor-element elementor-element-a1c8196 elementor-widget elementor-widget-spacer\" data-id=\"a1c8196\" data-element_type=\"widget\" data-widget_type=\"spacer.default\">\n\t\t\t\t<div class=\"elementor-widget-container\">\n\t\t\t\t\t<div class=\"elementor-spacer\">\n\t\t\t<div class=\"elementor-spacer-inner\"><\/div>\n\t\t<\/div>\n\t\t\t\t<\/div>\n\t\t\t\t<\/div>\n\t\t\t\t\t\t<\/div>\n\t\t\t\t\t<\/div>\n\t\t<\/div>\n\t\t\t\t\t\t\t\t<\/div>\n\t\t\t\t\t<\/div>\n\t\t<\/section>\n\t\t\t\t<section class=\"elementor-section elementor-top-section elementor-element elementor-element-b618850 elementor-section-boxed elementor-section-height-default elementor-section-height-default\" data-id=\"b618850\" data-element_type=\"section\">\n\t\t\t\t\t\t<div class=\"elementor-container elementor-column-gap-default\">\n\t\t\t\t\t\t\t<div class=\"elementor-row\">\n\t\t\t\t\t<div class=\"elementor-column elementor-col-100 elementor-top-column elementor-element elementor-element-140f7a0\" data-id=\"140f7a0\" data-element_type=\"column\">\n\t\t\t<div class=\"elementor-column-wrap elementor-element-populated\">\n\t\t\t\t\t\t\t<div class=\"elementor-widget-wrap\">\n\t\t\t\t\t\t<div class=\"elementor-element elementor-element-e21df62 elementor-widget elementor-widget-heading\" data-id=\"e21df62\" data-element_type=\"widget\" data-widget_type=\"heading.default\">\n\t\t\t\t<div class=\"elementor-widget-container\">\n\t\t\t<h3 class=\"elementor-heading-title elementor-size-default\">Accessoires\u200b<\/h3>\t\t<\/div>\n\t\t\t\t<\/div>\n\t\t\t\t<div class=\"elementor-element elementor-element-cd500f4 elementor-widget elementor-widget-spacer\" data-id=\"cd500f4\" data-element_type=\"widget\" data-widget_type=\"spacer.default\">\n\t\t\t\t<div class=\"elementor-widget-container\">\n\t\t\t\t\t<div class=\"elementor-spacer\">\n\t\t\t<div class=\"elementor-spacer-inner\"><\/div>\n\t\t<\/div>\n\t\t\t\t<\/div>\n\t\t\t\t<\/div>\n\t\t\t\t<div class=\"elementor-element elementor-element-ff012ae woocommerce-grid-12 elementor-widget elementor-widget-opal-products\" data-id=\"ff012ae\" data-element_type=\"widget\" data-settings=\"{&quot;slides_to_scroll&quot;:&quot;2&quot;,&quot;navigation&quot;:&quot;both&quot;,&quot;pause_on_hover&quot;:&quot;yes&quot;,&quot;autoplay&quot;:&quot;yes&quot;,&quot;autoplay_speed&quot;:5000,&quot;infinite&quot;:&quot;yes&quot;,&quot;speed&quot;:500,&quot;direction&quot;:&quot;ltr&quot;}\" data-widget_type=\"opal-products.default\">\n\t\t\t\t<div class=\"elementor-widget-container\">\n\t\t\t<div class=\"elementor-opal-slick-slider elementor-slick-slider\" data-settings=\"{&quot;slides_to_show&quot;:&quot;&quot;,&quot;slides_to_scroll&quot;:&quot;2&quot;,&quot;navigation&quot;:&quot;both&quot;,&quot;pause_on_hover&quot;:&quot;yes&quot;,&quot;autoplay&quot;:&quot;yes&quot;,&quot;autoplay_speed&quot;:5000,&quot;infinite&quot;:&quot;yes&quot;,&quot;speed&quot;:500,&quot;direction&quot;:&quot;ltr&quot;}\"><div class=\"woocommerce columns-12 \"><\/div><\/div>\t\t<\/div>\n\t\t\t\t<\/div>\n\t\t\t\t<div class=\"elementor-element elementor-element-8d22fdc elementor-widget elementor-widget-spacer\" data-id=\"8d22fdc\" data-element_type=\"widget\" data-widget_type=\"spacer.default\">\n\t\t\t\t<div class=\"elementor-widget-container\">\n\t\t\t\t\t<div class=\"elementor-spacer\">\n\t\t\t<div class=\"elementor-spacer-inner\"><\/div>\n\t\t<\/div>\n\t\t\t\t<\/div>\n\t\t\t\t<\/div>\n\t\t\t\t\t\t<\/div>\n\t\t\t\t\t<\/div>\n\t\t<\/div>\n\t\t\t\t\t\t\t\t<\/div>\n\t\t\t\t\t<\/div>\n\t\t<\/section>\n\t\t\t\t<section class=\"elementor-section elementor-top-section elementor-element elementor-element-6ee37db elementor-section-boxed elementor-section-height-default elementor-section-height-default\" data-id=\"6ee37db\" data-element_type=\"section\">\n\t\t\t\t\t\t<div class=\"elementor-container elementor-column-gap-default\">\n\t\t\t\t\t\t\t<div class=\"elementor-row\">\n\t\t\t\t\t<div class=\"elementor-column elementor-col-100 elementor-top-column elementor-element elementor-element-cf3caa9\" data-id=\"cf3caa9\" data-element_type=\"column\">\n\t\t\t<div class=\"elementor-column-wrap elementor-element-populated\">\n\t\t\t\t\t\t\t<div class=\"elementor-widget-wrap\">\n\t\t\t\t\t\t<div class=\"elementor-element elementor-element-c0aece0 elementor-widget elementor-widget-heading\" data-id=\"c0aece0\" data-element_type=\"widget\" data-widget_type=\"heading.default\">\n\t\t\t\t<div class=\"elementor-widget-container\">\n\t\t\t<h3 class=\"elementor-heading-title elementor-size-default\">Chaussures<\/h3>\t\t<\/div>\n\t\t\t\t<\/div>\n\t\t\t\t<div class=\"elementor-element elementor-element-2742a42 elementor-widget elementor-widget-spacer\" data-id=\"2742a42\" data-element_type=\"widget\" data-widget_type=\"spacer.default\">\n\t\t\t\t<div class=\"elementor-widget-container\">\n\t\t\t\t\t<div class=\"elementor-spacer\">\n\t\t\t<div class=\"elementor-spacer-inner\"><\/div>\n\t\t<\/div>\n\t\t\t\t<\/div>\n\t\t\t\t<\/div>\n\t\t\t\t<div class=\"elementor-element elementor-element-632bd2c woocommerce-grid-12 elementor-widget elementor-widget-opal-products\" data-id=\"632bd2c\" data-element_type=\"widget\" data-settings=\"{&quot;slides_to_scroll&quot;:&quot;2&quot;,&quot;navigation&quot;:&quot;both&quot;,&quot;pause_on_hover&quot;:&quot;yes&quot;,&quot;autoplay&quot;:&quot;yes&quot;,&quot;autoplay_speed&quot;:5000,&quot;infinite&quot;:&quot;yes&quot;,&quot;speed&quot;:500,&quot;direction&quot;:&quot;ltr&quot;}\" data-widget_type=\"opal-products.default\">\n\t\t\t\t<div class=\"elementor-widget-container\">\n\t\t\t<div class=\"elementor-opal-slick-slider elementor-slick-slider\" data-settings=\"{&quot;slides_to_show&quot;:&quot;&quot;,&quot;slides_to_scroll&quot;:&quot;2&quot;,&quot;navigation&quot;:&quot;both&quot;,&quot;pause_on_hover&quot;:&quot;yes&quot;,&quot;autoplay&quot;:&quot;yes&quot;,&quot;autoplay_speed&quot;:5000,&quot;infinite&quot;:&quot;yes&quot;,&quot;speed&quot;:500,&quot;direction&quot;:&quot;ltr&quot;}\"><div class=\"woocommerce columns-12 \"><\/div><\/div>\t\t<\/div>\n\t\t\t\t<\/div>\n\t\t\t\t<div class=\"elementor-element elementor-element-50f5aa2 elementor-widget elementor-widget-spacer\" data-id=\"50f5aa2\" data-element_type=\"widget\" data-widget_type=\"spacer.default\">\n\t\t\t\t<div class=\"elementor-widget-container\">\n\t\t\t\t\t<div class=\"elementor-spacer\">\n\t\t\t<div class=\"elementor-spacer-inner\"><\/div>\n\t\t<\/div>\n\t\t\t\t<\/div>\n\t\t\t\t<\/div>\n\t\t\t\t\t\t<\/div>\n\t\t\t\t\t<\/div>\n\t\t<\/div>\n\t\t\t\t\t\t\t\t<\/div>\n\t\t\t\t\t<\/div>\n\t\t<\/section>\n\t\t\t\t\t\t\t\t\t<\/div>\n\t\t\t<\/div>\n\t\t\t\t\t<\/div>\n\t\t","protected":false},"excerpt":{"rendered":"<p>Mettez a\u0300 l\u2019honneur votre style en de\u0301couvrant toutes les nouveaute\u0301s de notre gamme Standard adapte\u0301e a\u0300 toutes les silhouettes et tous les budgets. Costumes Promo\u00a0! Ajouter au panier Aper\u00e7u rapide Ajouter \u00e0 la wishlist Produit ajout\u00e9 ! Parcourir la wishlist Ce produit est d\u00e9j\u00e0 dans votre wishlist Parcourir la wishlist C\u00e9r\u00e9monie tuxoda bleu shall 0 <\/p>\n<div><a class=\"zoli-read-more-link\" href=\"https:\/\/www.nicolasmassing.com\/premium\/nouveautes\/\">Read More<span class=\"lexus-icon-Icon_Next\"><\/span><\/a><\/div>\n","protected":false},"author":1,"featured_media":0,"parent":0,"menu_order":0,"comment_status":"closed","ping_status":"closed","template":"","meta":[],"aioseo_notices":[],"_links":{"self":[{"href":"https:\/\/www.nicolasmassing.com\/premium\/wp-json\/wp\/v2\/pages\/1199"}],"collection":[{"href":"https:\/\/www.nicolasmassing.com\/premium\/wp-json\/wp\/v2\/pages"}],"about":[{"href":"https:\/\/www.nicolasmassing.com\/premium\/wp-json\/wp\/v2\/types\/page"}],"author":[{"embeddable":true,"href":"https:\/\/www.nicolasmassing.com\/premium\/wp-json\/wp\/v2\/users\/1"}],"replies":[{"embeddable":true,"href":"https:\/\/www.nicolasmassing.com\/premium\/wp-json\/wp\/v2\/comments?post=1199"}],"version-history":[{"count":0,"href":"https:\/\/www.nicolasmassing.com\/premium\/wp-json\/wp\/v2\/pages\/1199\/revisions"}],"wp:attachment":[{"href":"https:\/\/www.nicolasmassing.com\/premium\/wp-json\/wp\/v2\/media?parent=1199"}],"curies":[{"name":"wp","href":"https:\/\/api.w.org\/{rel}","templated":true}]}}